{"id":856,"date":"2023-08-09T13:12:59","date_gmt":"2023-08-09T11:12:59","guid":{"rendered":"https:\/\/sommeruni.org\/?page_id=856"},"modified":"2026-03-31T13:19:39","modified_gmt":"2026-03-31T11:19:39","slug":"publikationen","status":"publish","type":"page","link":"https:\/\/sommeruni.org\/en\/publikationen\/","title":{"rendered":"Publikationen"},"content":{"rendered":"\n<p>Im Rahmen der Sommeruniversit\u00e4t sind in den vergangenen Jahren immer wieder unterschiedlichste Ver\u00f6ffentlichungen entstanden, die sich mit der Grenzregion, den in ihr lebenden Minderheiten, der deutsch-d\u00e4nischen Geschichte und der europ\u00e4ischen Erinnerungskultur befassen. An dieser Stelle sollen jedoch nicht die einzelnen Publikationen der Veranstalter:innen aufgef\u00fchrt werden. Vielmehr m\u00f6chten wir hier auf gemeinsame Buchprojekte hinweisen, die in einem direkten Zusammenhang mit der Sommeruniversit\u00e4t stehen und fundierte Einf\u00fchrungen in&nbsp;die Geschichte der deutsch-d\u00e4nischen Grenzregion sowie Einblicke in geschichtswissenschaftliche Arbeitstechniken in einem interkulturellen Forschungsfeld bieten.<\/p>\n\n\n\n<hr class=\"wp-block-separator has-alpha-channel-opacity\"\/>\n\n\n\n<p>Martin G\u00f6llnitz | Nils Abraham&nbsp;|&nbsp;Thomas W. Friis |&nbsp;Mogens R. Nissen (Hg.)<\/p>\n\n\n\n<h1 class=\"wp-block-heading\"><strong>Grenzg\u00e4nger zwischen Deutschland und D\u00e4nemark<\/strong><\/h1>\n\n\n\n<p><strong>Geschichte und Gegenwart anerkannter Minderheiten<\/strong><\/p>\n\n\n\n<div class=\"wp-block-columns is-layout-flex wp-container-core-columns-is-layout-9d6595d7 wp-block-columns-is-layout-flex\">\n<div class=\"wp-block-column is-layout-flow wp-block-column-is-layout-flow\">\n<figure class=\"wp-block-image size-large\"><img loading=\"lazy\" decoding=\"async\" width=\"661\" height=\"1024\" src=\"https:\/\/sommeruni.org\/wp-content\/uploads\/2025\/01\/9783837667585WY8Zp5fXvCjdc-661x1024.jpg\" alt=\"\" class=\"wp-image-1014\" srcset=\"https:\/\/sommeruni.org\/wp-content\/uploads\/2025\/01\/9783837667585WY8Zp5fXvCjdc-661x1024.jpg 661w, https:\/\/sommeruni.org\/wp-content\/uploads\/2025\/01\/9783837667585WY8Zp5fXvCjdc-194x300.jpg 194w, https:\/\/sommeruni.org\/wp-content\/uploads\/2025\/01\/9783837667585WY8Zp5fXvCjdc-768x1189.jpg 768w, https:\/\/sommeruni.org\/wp-content\/uploads\/2025\/01\/9783837667585WY8Zp5fXvCjdc-992x1536.jpg 992w, https:\/\/sommeruni.org\/wp-content\/uploads\/2025\/01\/9783837667585WY8Zp5fXvCjdc-1323x2048.jpg 1323w, https:\/\/sommeruni.org\/wp-content\/uploads\/2025\/01\/9783837667585WY8Zp5fXvCjdc-scaled.jpg 1653w\" sizes=\"auto, (max-width: 661px) 100vw, 661px\" \/><\/figure>\n<\/div>\n\n\n\n<div class=\"wp-block-column is-layout-flow wp-block-column-is-layout-flow\">\n<p><\/p>\n\n\n\n<p>Das Minderheitenmodell in der deutsch-d\u00e4nischen Grenzregion gilt als vorbildlich f\u00fcr ein friedliches Zusammenleben in Europa. Die drei anerkannten Minderheiten sind in die jeweilige Gesellschaft integriert und tragen dazu bei, dass die Grenze nicht mehr eine trennende Linie, sondern einen verbindenden Raum darstellt. Aus dem Gegeneinander ist im 20. Jahrhundert erst ein Mit- und schlie\u00dflich ein F\u00fcreinander geworden. Die Beitr\u00e4ger*innen widmen sich dieser Entwicklung aus einer interdisziplin\u00e4ren Perspektive. Das regionale Fallbeispiel macht unterschiedliche Narrative sichtbar und hilft dabei, die Relevanz von Minderheiten f\u00fcr unsere aktuelle Gesellschaft zu verstehen \u2013 weit \u00fcber die deutsch-d\u00e4nische Grenzregion hinaus.<\/p>\n\n\n\n<p>Zu den Autor:innen geh\u00f6ren u.a. Oliver Auge, Martin Krieger, Hans Schultz Hansen, Nina Jebsen, Jens Olesen und Hedwig Wagner.<\/p>\n\n\n\n<p><strong>Weitere Informationen:<\/strong><\/p>\n\n\n\n<p>Verlag: transcript (Bielefeld)<\/p>\n\n\n\n<p>Reihe: Histoire (Bd. 210)<\/p>\n\n\n\n<p>Erscheinungstermin: 27. Februar 2025<\/p>\n\n\n\n<p>Seitenumfang: 426 Seiten<\/p>\n\n\n\n<p>ISBN:&nbsp;978-3-8376-6758-5<\/p>\n\n\n\n<p>Preis: 25,00\u20ac<\/p>\n\n\n\n<p><\/p>\n\n\n\n<div class=\"wp-block-buttons is-content-justification-center is-layout-flex wp-container-core-buttons-is-layout-16018d1d wp-block-buttons-is-layout-flex\">\n<div class=\"wp-block-button\"><a class=\"wp-block-button__link wp-element-button\" href=\"https:\/\/www.transcript-verlag.de\/978-3-8376-6758-5\/grenzgaenger-zwischen-deutschland-und-daenemark\/\">Bestellen (Print)<\/a><\/div>\n\n\n\n<div class=\"wp-block-button\"><a class=\"wp-block-button__link wp-element-button\" href=\"https:\/\/www.transcript-verlag.de\/978-3-8376-6758-5\/grenzgaenger-zwischen-deutschland-und-daenemark\/?number=978-3-8394-6758-9\">Bestellen (PDF)<\/a><\/div>\n<\/div>\n<\/div>\n<\/div>\n\n\n\n<hr class=\"wp-block-separator has-alpha-channel-opacity\"\/>\n\n\n\n<p>Nils Abraham&nbsp;|&nbsp;Thomas W. Friis |&nbsp;Helmut M\u00fcller-Enbergs |&nbsp;Mogens R. Nissen (Hg.)<\/p>\n\n\n\n<h1 class=\"wp-block-heading\"><strong>Spionage im Grenzland<\/strong><\/h1>\n\n\n\n<p><strong>Nachrichtendienste in Schleswig-Holstein und S\u00fcdd\u00e4nemark<\/strong><\/p>\n\n\n\n<div class=\"wp-block-columns is-layout-flex wp-container-core-columns-is-layout-9d6595d7 wp-block-columns-is-layout-flex\">\n<div class=\"wp-block-column is-layout-flow wp-block-column-is-layout-flow\">\n<figure class=\"wp-block-image size-large\"><img loading=\"lazy\" decoding=\"async\" width=\"716\" height=\"1024\" src=\"https:\/\/sommeruni.org\/wp-content\/uploads\/2026\/03\/9783954103461-716x1024.jpg\" alt=\"\" class=\"wp-image-1090\" srcset=\"https:\/\/sommeruni.org\/wp-content\/uploads\/2026\/03\/9783954103461-716x1024.jpg 716w, https:\/\/sommeruni.org\/wp-content\/uploads\/2026\/03\/9783954103461-210x300.jpg 210w, https:\/\/sommeruni.org\/wp-content\/uploads\/2026\/03\/9783954103461-768x1098.jpg 768w, https:\/\/sommeruni.org\/wp-content\/uploads\/2026\/03\/9783954103461-1074x1536.jpg 1074w, https:\/\/sommeruni.org\/wp-content\/uploads\/2026\/03\/9783954103461-1432x2048.jpg 1432w, https:\/\/sommeruni.org\/wp-content\/uploads\/2026\/03\/9783954103461.jpg 1600w\" sizes=\"auto, (max-width: 716px) 100vw, 716px\" \/><\/figure>\n<\/div>\n\n\n\n<div class=\"wp-block-column is-layout-flow wp-block-column-is-layout-flow\">\n<p><\/p>\n\n\n\n<p>Schleswig-Holstein und S\u00fcdd\u00e4nemark waren immer wieder nachrichtendienstliche \u00bbHotspots\u00ab f\u00fcr zahlreiche nationale sowie internationale Akteure. Die Gr\u00fcnde lagen nicht nur in der besonderen geostrategischen Lage, sondern auch in der Existenz nationaler Minderheiten auf beiden Seiten der Grenze. Die Beitr\u00e4ge in diesem Buch nehmen erstmals mit einer breiten zeitlichen Perspektive diese unsichtbare Geschichte im deutsch-d\u00e4nischen Grenzland in den Fokus. Mit der Beschreibung der nachrichtendienstlichen Aktivit\u00e4ten vor dem und w\u00e4hrend des Ersten Weltkrieges, in der Zeit des Nationalsozialismus und der deutschen Besatzung D\u00e4nemarks im Zweiten Weltkrieg sowie im Kalten Krieg nach 1945 leistet der Band nicht nur einen Beitrag zur Regionalgeschichte, sondern auch zur internationalen Intelligence-History.<\/p>\n\n\n\n<p>Mit Beitr\u00e4gen u.a. von Dieter Bacher, Kristian Bruhn, W\u0142adys\u0142aw Bu\u0142hak, Martin G\u00f6llnitz, Bodo v. Hechelhammer, Anne Heckmann, John Jensen, Henrik Lundtofte, Carsten M\u00fcller-Boysen, Anne Rheder Andersen und Jon Thulstrup.<\/p>\n\n\n\n<p><strong>Weitere Informationen:<\/strong><\/p>\n\n\n\n<p>Verlag: BeBra Wissenschaft (Berlin)<\/p>\n\n\n\n<p>Erscheinungstermin: 1. Mai 2025<\/p>\n\n\n\n<p>Seitenumfang: 336 Seiten<\/p>\n\n\n\n<p>ISBN:&nbsp;978-3-95410-346-1<\/p>\n\n\n\n<p>Preis: 38,00\u20ac<\/p>\n\n\n\n<p><\/p>\n\n\n\n<div class=\"wp-block-buttons is-content-justification-center is-layout-flex wp-container-core-buttons-is-layout-16018d1d wp-block-buttons-is-layout-flex\">\n<div class=\"wp-block-button\"><a class=\"wp-block-button__link wp-element-button\" href=\"https:\/\/www.bebra-wissenschaft.de\/vzgesamt\/titel\/spionage-im-grenzland.html\">Bestellen (Print)<\/a><\/div>\n\n\n\n<div class=\"wp-block-button\"><a class=\"wp-block-button__link wp-element-button\" href=\"https:\/\/library.oapen.org\/handle\/20.500.12657\/103897\">Open Access (PDF)<\/a><\/div>\n<\/div>\n<\/div>\n<\/div>\n\n\n\n<hr class=\"wp-block-separator has-alpha-channel-opacity\"\/>\n\n\n\n<p>Martin G\u00f6llnitz | Nils Abraham\u00a0|\u00a0Thomas W. Friis |\u00a0Helmut M\u00fcller-Enbergs (Hg.)<\/p>\n\n\n\n<h1 class=\"wp-block-heading\"><strong>Konflikt und Kooperation<\/strong><\/h1>\n\n\n\n<p><strong>Die Ostsee als Handlungs- und Kulturraum<\/strong><\/p>\n\n\n\n<div class=\"wp-block-columns is-layout-flex wp-container-core-columns-is-layout-9d6595d7 wp-block-columns-is-layout-flex\">\n<div class=\"wp-block-column is-layout-flow wp-block-column-is-layout-flow\">\n<figure class=\"wp-block-image size-full\"><img loading=\"lazy\" decoding=\"async\" width=\"705\" height=\"1000\" src=\"https:\/\/sommeruni.org\/wp-content\/uploads\/2026\/03\/large.webp.webp\" alt=\"\" class=\"wp-image-1093\" srcset=\"https:\/\/sommeruni.org\/wp-content\/uploads\/2026\/03\/large.webp.webp 705w, https:\/\/sommeruni.org\/wp-content\/uploads\/2026\/03\/large.webp-212x300.webp 212w\" sizes=\"auto, (max-width: 705px) 100vw, 705px\" \/><\/figure>\n<\/div>\n\n\n\n<div class=\"wp-block-column is-layout-flow wp-block-column-is-layout-flow\">\n<p><\/p>\n\n\n\n<p>Seit dem Ende des Kalten Krieges und der Erweiterung der Europ\u00e4ischen Union ger\u00e4t der Ostseeraum als historische Einheit immer st\u00e4rker in das Blickfeld von Wissenschaft und \u00d6ffentlichkeit. Eine intensive Besch\u00e4ftigung mit dieser Region macht jedoch recht rasch deutlich, dass nicht nur die \u00bbeine Ostsee\u00ab existiert, sondern viele Ostseer\u00e4ume, die in erster Linie durch Kooperationen und Konflikte, Handel und kulturelle Beziehungen sowie den daran beteiligten Protagonisten initialisiert und konstruiert werden.<br>In dem vorliegenden Band analysieren 23 Expert:innen aus f\u00fcnf Ostseel\u00e4ndern und Israel die durchaus unterschiedlichen Raumkonstruktionen und Verflechtungen innerhalb der Ostseeregion, die als ein spannungs- und konfliktreicher Handlungs- und Kulturraum verstanden wird.<\/p>\n\n\n\n<p>Mit Beitr\u00e4gen u.a. von Ralf Kauranen, Karl Christian Lammers, D\u00f6rte Putensen, Charlotta Seiler Brylla, Alexander Muschik, Jens E. Olesen, Lutz Oberd\u00f6rfer, W\u0142adys\u0142aw Bu\u0142hak, Dieter H. Kollmer, Adi Frimark und Erika Sandstr\u00f6m.<\/p>\n\n\n\n<p><strong>Weitere Informationen:<\/strong><\/p>\n\n\n\n<p>Verlag: Peter Lang (Berlin et al.)<\/p>\n\n\n\n<p>Erscheinungstermin: 1. September 2019<\/p>\n\n\n\n<p>Seitenumfang: 395 Seiten<\/p>\n\n\n\n<p>ISBN:\u00a0978-3-631-78585-0<\/p>\n\n\n\n<p>Preis: 78,60\u20ac<\/p>\n\n\n\n<p><\/p>\n\n\n\n<div class=\"wp-block-buttons is-content-justification-center is-layout-flex wp-container-core-buttons-is-layout-16018d1d wp-block-buttons-is-layout-flex\">\n<div class=\"wp-block-button\"><a class=\"wp-block-button__link wp-element-button\" href=\"https:\/\/www.peterlang.com\/document\/1110876\">Bestellen (Print)<\/a><\/div>\n\n\n\n<div class=\"wp-block-button\"><a class=\"wp-block-button__link wp-element-button\" href=\"https:\/\/www.peterlang.com\/document\/1110876\">Bestellen (PDF)<\/a><\/div>\n<\/div>\n<\/div>\n<\/div>\n\n\n\n<p><\/p>\n","protected":false},"excerpt":{"rendered":"<p>Im Rahmen der Sommeruniversit\u00e4t sind in den vergangenen Jahren immer wieder unterschiedlichste Ver\u00f6ffentlichungen entstanden, die sich mit der Grenzregion, den in ihr lebenden Minderheiten, der deutsch-d\u00e4nischen Geschichte und der europ\u00e4ischen Erinnerungskultur befassen. An dieser Stelle sollen jedoch nicht die einzelnen Publikationen der Veranstalter:innen aufgef\u00fchrt werden. Vielmehr m\u00f6chten wir hier auf gemeinsame Buchprojekte hinweisen, die in&hellip;&nbsp;<a href=\"https:\/\/sommeruni.org\/en\/publikationen\/\" rel=\"bookmark\">Read More &raquo;<span class=\"screen-reader-text\">Publikationen<\/span><\/a><\/p>\n","protected":false},"author":2,"featured_media":0,"parent":0,"menu_order":0,"comment_status":"closed","ping_status":"closed","template":"","meta":{"neve_meta_sidebar":"full-width","neve_meta_container":"","neve_meta_enable_content_width":"on","neve_meta_content_width":100,"neve_meta_title_alignment":"","neve_meta_author_avatar":"","neve_post_elements_order":"","neve_meta_disable_header":"","neve_meta_disable_footer":"","neve_meta_disable_title":"","footnotes":""},"class_list":["post-856","page","type-page","status-publish","hentry"],"translation":{"provider":"WPGlobus","version":"3.0.2","language":"en","enabled_languages":["de","en"],"languages":{"de":{"title":true,"content":true,"excerpt":false},"en":{"title":false,"content":false,"excerpt":false}}},"_links":{"self":[{"href":"https:\/\/sommeruni.org\/en\/wp-json\/wp\/v2\/pages\/856","targetHints":{"allow":["GET"]}}],"collection":[{"href":"https:\/\/sommeruni.org\/en\/wp-json\/wp\/v2\/pages"}],"about":[{"href":"https:\/\/sommeruni.org\/en\/wp-json\/wp\/v2\/types\/page"}],"author":[{"embeddable":true,"href":"https:\/\/sommeruni.org\/en\/wp-json\/wp\/v2\/users\/2"}],"replies":[{"embeddable":true,"href":"https:\/\/sommeruni.org\/en\/wp-json\/wp\/v2\/comments?post=856"}],"version-history":[{"count":9,"href":"https:\/\/sommeruni.org\/en\/wp-json\/wp\/v2\/pages\/856\/revisions"}],"predecessor-version":[{"id":1094,"href":"https:\/\/sommeruni.org\/en\/wp-json\/wp\/v2\/pages\/856\/revisions\/1094"}],"wp:attachment":[{"href":"https:\/\/sommeruni.org\/en\/wp-json\/wp\/v2\/media?parent=856"}],"curies":[{"name":"wp","href":"https:\/\/api.w.org\/{rel}","templated":true}]}}