{"id":69,"date":"2021-02-22T23:43:33","date_gmt":"2021-02-22T22:43:33","guid":{"rendered":"https:\/\/sommeruni.org\/?page_id=69"},"modified":"2025-06-10T14:17:33","modified_gmt":"2025-06-10T12:17:33","slug":"anmeldung","status":"publish","type":"page","link":"https:\/\/sommeruni.org\/en\/anmeldung\/","title":{"rendered":"Registration"},"content":{"rendered":"\n<h4 class=\"wp-block-heading\">ECTS \/ Modules<\/h4>\n\n\n\n<div class=\"wp-block-columns is-layout-flex wp-container-core-columns-is-layout-9d6595d7 wp-block-columns-is-layout-flex\">\n<div class=\"wp-block-column is-layout-flow wp-block-column-is-layout-flow\">\n<p>The number of ECTS (D) or the crediting of modules varies from study location to study location and should be discussed by the students with the respective lecturers in advance.<\/p>\n\n\n\n<p><\/p>\n\n\n\n<p><mark style=\"background-color:rgba(0, 0, 0, 0)\" class=\"has-inline-color has-nv-c-1-color\">Philipps-Universit\u00e4t Marburg<\/mark><br>Contact: <mark style=\"background-color:rgba(0, 0, 0, 0)\" class=\"has-inline-color has-neve-link-hover-color-color\">Dr. Martin G\u00f6llnitz<\/mark><\/p>\n\n\n\n<p><mark style=\"background-color:rgba(0, 0, 0, 0)\" class=\"has-inline-color has-nv-c-1-color\">Christian-Albrechts-Universit\u00e4t zu Kiel<\/mark><br>Contact: <mark style=\"background-color:rgba(0, 0, 0, 0)\" class=\"has-inline-color has-neve-link-hover-color-color\">Prof. Dr. Oliver Auge<\/mark><\/p>\n\n\n\n<p><mark style=\"background-color:rgba(0, 0, 0, 0)\" class=\"has-inline-color has-nv-c-1-color\">Europa-Universit\u00e4t Flensburg<\/mark><br>Contact: <mark style=\"background-color:rgba(0, 0, 0, 0)\" class=\"has-inline-color has-neve-link-hover-color-color\">Prof. Dr. Hedwig Wagner<\/mark><\/p>\n\n\n\n<p><mark style=\"background-color:rgba(0, 0, 0, 0)\" class=\"has-inline-color has-nv-c-1-color\">Syddansk Universitet (Odense)<\/mark><br>Contact: <mark style=\"background-color:rgba(0, 0, 0, 0)\" class=\"has-inline-color has-neve-link-hover-color-color\">Prof. Dr. Thomas Wegener Friis<\/mark><\/p>\n\n\n\n<p><mark style=\"background-color:rgba(0, 0, 0, 0)\" class=\"has-inline-color has-nv-c-1-color\">Konrad-Adenauer-Stiftung<\/mark><br>Contact: <mark style=\"background-color:rgba(0, 0, 0, 0)\" class=\"has-inline-color has-neve-link-hover-color-color\">Prof. Dr. Nils Abraham<\/mark><\/p>\n<\/div>\n\n\n\n<div class=\"wp-block-column is-layout-flow wp-block-column-is-layout-flow\"><div class=\"wp-block-image\">\n<figure class=\"aligncenter size-large is-resized\"><img loading=\"lazy\" decoding=\"async\" width=\"724\" height=\"1024\" src=\"https:\/\/sommeruni.org\/wp-content\/uploads\/2023\/10\/Vorlage-Sommeruni-Poster-offiziell-724x1024.jpg\" alt=\"\" class=\"wp-image-925\" style=\"aspect-ratio:0.70703125;width:406px;height:auto\" srcset=\"https:\/\/sommeruni.org\/wp-content\/uploads\/2023\/10\/Vorlage-Sommeruni-Poster-offiziell-724x1024.jpg 724w, https:\/\/sommeruni.org\/wp-content\/uploads\/2023\/10\/Vorlage-Sommeruni-Poster-offiziell-212x300.jpg 212w, https:\/\/sommeruni.org\/wp-content\/uploads\/2023\/10\/Vorlage-Sommeruni-Poster-offiziell-768x1087.jpg 768w, https:\/\/sommeruni.org\/wp-content\/uploads\/2023\/10\/Vorlage-Sommeruni-Poster-offiziell-1085x1536.jpg 1085w, https:\/\/sommeruni.org\/wp-content\/uploads\/2023\/10\/Vorlage-Sommeruni-Poster-offiziell-1447x2048.jpg 1447w, https:\/\/sommeruni.org\/wp-content\/uploads\/2023\/10\/Vorlage-Sommeruni-Poster-offiziell-scaled.jpg 1809w\" sizes=\"auto, (max-width: 724px) 100vw, 724px\" \/><\/figure>\n<\/div><\/div>\n<\/div>\n\n\n\n<h4 class=\"wp-block-heading\">Participation Fee<\/h4>\n\n\n\n<p>The participation fee amounts to 150 \u20ac including room and board.<\/p>\n\n\n\n<p><\/p>\n\n\n\n<div class=\"wp-block-buttons is-layout-flex wp-block-buttons-is-layout-flex\">\n<div class=\"wp-block-button is-style-primary\"><a class=\"wp-block-button__link wp-element-button\" href=\"https:\/\/event.sdu.dk\/vonderkonfrontationzurkooperation\">register now<\/a><\/div>\n<\/div>\n\n\n\n<p><\/p>\n","protected":false},"excerpt":{"rendered":"<p>ECTS \/ Modules The number of ECTS (D) or the crediting of modules varies from study location to study location and should be discussed by the students with the respective lecturers in advance. Philipps-Universit\u00e4t MarburgContact: Dr. Martin G\u00f6llnitz Christian-Albrechts-Universit\u00e4t zu KielContact: Prof. Dr. Oliver Auge Europa-Universit\u00e4t FlensburgContact: Prof. Dr. Hedwig Wagner Syddansk Universitet (Odense)Contact: Prof.&hellip;&nbsp;<a href=\"https:\/\/sommeruni.org\/en\/anmeldung\/\" rel=\"bookmark\">Read More &raquo;<span class=\"screen-reader-text\">Registration<\/span><\/a><\/p>\n","protected":false},"author":1,"featured_media":0,"parent":0,"menu_order":0,"comment_status":"closed","ping_status":"closed","template":"","meta":{"neve_meta_sidebar":"","neve_meta_container":"","neve_meta_enable_content_width":"","neve_meta_content_width":0,"neve_meta_title_alignment":"","neve_meta_author_avatar":"","neve_post_elements_order":"","neve_meta_disable_header":"","neve_meta_disable_footer":"","neve_meta_disable_title":"","footnotes":""},"class_list":["post-69","page","type-page","status-publish","hentry"],"translation":{"provider":"WPGlobus","version":"3.0.2","language":"en","enabled_languages":["de","en"],"languages":{"de":{"title":true,"content":true,"excerpt":false},"en":{"title":true,"content":true,"excerpt":false}}},"_links":{"self":[{"href":"https:\/\/sommeruni.org\/en\/wp-json\/wp\/v2\/pages\/69","targetHints":{"allow":["GET"]}}],"collection":[{"href":"https:\/\/sommeruni.org\/en\/wp-json\/wp\/v2\/pages"}],"about":[{"href":"https:\/\/sommeruni.org\/en\/wp-json\/wp\/v2\/types\/page"}],"author":[{"embeddable":true,"href":"https:\/\/sommeruni.org\/en\/wp-json\/wp\/v2\/users\/1"}],"replies":[{"embeddable":true,"href":"https:\/\/sommeruni.org\/en\/wp-json\/wp\/v2\/comments?post=69"}],"version-history":[{"count":10,"href":"https:\/\/sommeruni.org\/en\/wp-json\/wp\/v2\/pages\/69\/revisions"}],"predecessor-version":[{"id":1048,"href":"https:\/\/sommeruni.org\/en\/wp-json\/wp\/v2\/pages\/69\/revisions\/1048"}],"wp:attachment":[{"href":"https:\/\/sommeruni.org\/en\/wp-json\/wp\/v2\/media?parent=69"}],"curies":[{"name":"wp","href":"https:\/\/api.w.org\/{rel}","templated":true}]}}