{"id":655,"date":"2022-07-09T18:36:56","date_gmt":"2022-07-09T16:36:56","guid":{"rendered":"https:\/\/sommeruni.org\/?page_id=655"},"modified":"2026-03-30T16:02:24","modified_gmt":"2026-03-30T14:02:24","slug":"presse","status":"publish","type":"page","link":"https:\/\/sommeruni.org\/en\/presse\/","title":{"rendered":"Media"},"content":{"rendered":"\n<p>In recent years, German and Danish newspapers as well as digital media have reported on the international summer university. The students have also given interviews in this context. Here you can find an overview of the press and media reports.<\/p>\n\n\n\n<p><strong>Press reports<\/strong><\/p>\n\n\n\n<ul class=\"wp-block-list\">\n<li>Mathilde Hougaard Boesen, <a href=\"https:\/\/www.fla.de\/sydslesvig\/graensen\/61135\/40-internationale-unge-pa-sommeruniversitet-pa-knivsbjerg-hvo#:~:text=Gr\u00e6nsen-,40%20internationale%20unge%20p\u00e5%20sommeruniversitet%20p\u00e5%20Knivsbjerg%3A%20%2D%20Hvor%20jeg%20kommer,temaer%20som%20mindretal%20og%20gr\u00e6nsekontrol.\">40 internationale unge p\u00e5 sommeruniversitet p\u00e5 Knivsbjerg<\/a>, in: Flensborg Avis (12. August 2023).<\/li>\n\n\n\n<li>Anna Ittner, <a href=\"https:\/\/www.nordschleswiger.dk\/de\/nordschleswig-gesellschaft-international\/knivsberg-etwas-ueber-grenzen-hinaus-lernen\">Auf dem Knivsberg etwas \u00fcber Grenzen (hinaus) lernen<\/a>, in: Der Nordschleswiger (8. August 2023).<\/li>\n\n\n\n<li>Judith Reicherzer, <a href=\"https:\/\/www.nordschleswiger.dk\/de\/nordschleswig-apenrade-tingleff\/deutsch-daenische-grenzregion-unter-lupe\" data-type=\"URL\" data-id=\"https:\/\/www.nordschleswiger.dk\/de\/nordschleswig-apenrade-tingleff\/deutsch-daenische-grenzregion-unter-lupe\">Deutsch-d\u00e4nische Grenzregion unter der Lupe<\/a>, in: Der Nordschleswiger (11. August 2022).<\/li>\n\n\n\n<li>Malte Cilsik,&nbsp;<a href=\"https:\/\/www.nordschleswiger.dk\/de\/nordschleswig-daenemark-politik-kultur-gesellschaft-deutschland-politik-gesellschaft-kultur\">Sommeruniversit\u00e4t 2021: Jubil\u00e4en zum Erinnern<\/a>, in: Der Nordschleswiger (15. August 2021).<\/li>\n\n\n\n<li>Jon Thulstrup,&nbsp;<a href=\"https:\/\/www.nordschleswiger.dk\/de\/nordschleswig\/sommerschule-schwerpunkt-deutsch-daenische-grenze\">Sommerschule: Schwerpunkt deutsch-d\u00e4nische Grenze<\/a>, in: Der Nordschleswiger (24. August 2020).<\/li>\n\n\n\n<li>Jens Nygaard, Rekordstort hold til sommeruniversitet om mindretal, in: Flensborg Avis (26. August 2019).<\/li>\n\n\n\n<li>Jon Thulstrup,&nbsp;<a href=\"https:\/\/www.nordschleswiger.dk\/de\/nordschleswig\/eintauchen-geschichte-minderheit\">Eintauchen in die Geschichte der Minderheit<\/a>, in: Der Nordschleswiger (23. August 2018).<\/li>\n\n\n\n<li>Anker Simonsen, Gr\u00e6nselandet var tema for sommeruniversitet, in: Flensborg Avis (19. August 2016).<\/li>\n\n\n\n<li>Anonymus, Dansk-tyske forhold er p\u00e5 sommerskemaet, in: Flensborg Avis (18. August 2015).<\/li>\n\n\n\n<li>Anonymus, Sommerschule zur Schlacht von D\u00fcppel, in: Kieler Nachrichten (7. August 2014).<\/li>\n\n\n\n<li>Anonymus,&nbsp;<a href=\"https:\/\/www.uni-kiel.de\/pressemeldungen\/index.php?pmid=2013-238-sommerkurse-deutschland-daenemark&amp;pr=1\">Grenz\u00fcberschreitende Sommerkurse in Deutschland und D\u00e4nemark<\/a>, in: Press release of the University Kiel (22. August 2013).<br><\/li>\n<\/ul>\n\n\n\n<hr class=\"wp-block-separator has-alpha-channel-opacity\"\/>\n\n\n\n<p><strong>Blog posts<\/strong><\/p>\n\n\n\n<ul class=\"wp-block-list\">\n<li>Ellen Sophie Beindorf, <a href=\"https:\/\/www.hsozkult.de\/conferencereport\/id\/fdkn-160089\">Von der Konfrontation zur Kooperation. Der Prozess der Vers\u00f6hnung in den deutsch-d\u00e4nischen Beziehungen im 20. Jahrhundert<\/a>, in: H-Soz-Kult (5. February 2026).<\/li>\n\n\n\n<li>Ellen Sophie Beindorf, <a href=\"https:\/\/www.hsozkult.de\/conferencereport\/id\/fdkn-152037\" data-type=\"link\" data-id=\"https:\/\/www.hsozkult.de\/conferencereport\/id\/fdkn-152037\">(Un)Gleichheiten in der deutsch-d\u00e4nischen Grenzregion<\/a>, in: H-Soz-Kult (18. December 2024).<\/li>\n\n\n\n<li>Polly Wagner, <a href=\"http:\/\/www.hsozkult.de\/conferencereport\/id\/fdkn-140424\">Grenzen als (Un-)Sicherheitsr\u00e4ume. Internationale Sommeruniversit\u00e4t 2023<\/a>, in: H-Soz-Kult (1. December 2023).<\/li>\n\n\n\n<li>Caroline E. Weber, <a href=\"https:\/\/www.hsozkult.de\/searching\/id\/fdkn-123671?title=unions-of-the-north-from-margrethe-to-the-eu&amp;q=brenderup&amp;sort=&amp;fq=&amp;total=1&amp;recno=1&amp;subType=fdkn\" data-type=\"URL\" data-id=\"https:\/\/www.hsozkult.de\/searching\/id\/fdkn-123671?title=unions-of-the-north-from-margrethe-to-the-eu&amp;q=brenderup&amp;sort=&amp;fq=&amp;total=1&amp;recno=1&amp;subType=fdkn\">Unions of the North. From Margrethe to the EU, 19.08.2013 \u2013 23.08.2013 Brenderup (D\u00e4nemark)<\/a>, in: H-Soz-Kult (26. September 2013).<\/li>\n\n\n\n<li>Frederic Zangel, <a href=\"https:\/\/nordichistoryblog.hypotheses.org\/1714\" data-type=\"URL\" data-id=\"https:\/\/nordichistoryblog.hypotheses.org\/1714\">Unions of the North \u2013 Zusammenarbeit im Norden und in Europa: Eine Sommerschule in D\u00e4nemark<\/a>, in: NordicHistoryBlog (26. September 2013).<br><\/li>\n<\/ul>\n\n\n\n<hr class=\"wp-block-separator has-alpha-channel-opacity\"\/>\n\n\n\n<p><strong>YouTube<\/strong><\/p>\n\n\n\n<div class=\"wp-block-columns is-layout-flex wp-container-core-columns-is-layout-9d6595d7 wp-block-columns-is-layout-flex\">\n<div class=\"wp-block-column is-layout-flow wp-block-column-is-layout-flow\">\n<p>During the Summer University 2023, the regional TV station &#8220;DKSyd&#8221; from S\u00f8nderborg visited us at the educational institution Knivsberg and conducted several interviews with the students and organizers. For one week, more than 40 students from twelve nations discussed aspects of security and insecurity in a European border region with six scientists from Denmark and Germany under the title &#8220;Borders as (In)Security Spaces&#8221;.<\/p>\n<\/div>\n\n\n\n<div class=\"wp-block-column is-layout-flow wp-block-column-is-layout-flow\">\n<figure class=\"wp-block-embed is-type-video is-provider-youtube wp-block-embed-youtube wp-embed-aspect-16-9 wp-has-aspect-ratio\"><div class=\"wp-block-embed__wrapper\">\n<div class=\"nv-iframe-embed\"><iframe loading=\"lazy\" title=\"Sommeruniversitet \u2013 Mindretal i Gr\u00e6nselandet\" width=\"1200\" height=\"675\" src=\"https:\/\/www.youtube.com\/embed\/hC_SleQzyXI?feature=oembed\" frameborder=\"0\" allow=\"accelerometer; autoplay; clipboard-write; encrypted-media; gyroscope; picture-in-picture; web-share\" referrerpolicy=\"strict-origin-when-cross-origin\" allowfullscreen><\/iframe><\/div>\n<\/div><\/figure>\n<\/div>\n<\/div>\n\n\n\n<div class=\"wp-block-columns is-layout-flex wp-container-core-columns-is-layout-9d6595d7 wp-block-columns-is-layout-flex\">\n<div class=\"wp-block-column is-layout-flow wp-block-column-is-layout-flow\">\n<p>The team from &#8220;Beton TV&#8221;, the university&#8217;s own TV team at Syddansk Universitet, also shot a short video about the summer university in 2013 that captures the impressions of the intercultural togetherness.<br>Titled &#8220;Unions of the North. From Margarethe to the EU,&#8221; the 2013 Summer University traced the arc from the Kalmar Union to contemporary European and Nordic cooperation. The focus was not only on the development of the relationship between the Scandinavian states, but also with their southern neighbor.<\/p>\n<\/div>\n\n\n\n<div class=\"wp-block-column is-layout-flow wp-block-column-is-layout-flow\">\n<figure class=\"wp-block-embed is-type-video is-provider-youtube wp-block-embed-youtube wp-embed-aspect-16-9 wp-has-aspect-ratio\"><div class=\"wp-block-embed__wrapper\">\n<div class=\"nv-iframe-embed\"><iframe loading=\"lazy\" title=\"Beton TV - Sommerkursus 2013\" width=\"1200\" height=\"675\" src=\"https:\/\/www.youtube.com\/embed\/hxutIrjaAsY?feature=oembed\" frameborder=\"0\" allow=\"accelerometer; autoplay; clipboard-write; encrypted-media; gyroscope; picture-in-picture; web-share\" referrerpolicy=\"strict-origin-when-cross-origin\" allowfullscreen><\/iframe><\/div>\n<\/div><\/figure>\n<\/div>\n<\/div>\n","protected":false},"excerpt":{"rendered":"<p>In recent years, German and Danish newspapers as well as digital media have reported on the international summer university. The students have also given interviews in this context. Here you can find an overview of the press and media reports. Press reports Blog posts YouTube During the Summer University 2023, the regional TV station &#8220;DKSyd&#8221;&hellip;&nbsp;<a href=\"https:\/\/sommeruni.org\/en\/presse\/\" rel=\"bookmark\">Read More &raquo;<span class=\"screen-reader-text\">Media<\/span><\/a><\/p>\n","protected":false},"author":2,"featured_media":0,"parent":0,"menu_order":0,"comment_status":"closed","ping_status":"closed","template":"","meta":{"neve_meta_sidebar":"full-width","neve_meta_container":"","neve_meta_enable_content_width":"on","neve_meta_content_width":100,"neve_meta_title_alignment":"","neve_meta_author_avatar":"","neve_post_elements_order":"","neve_meta_disable_header":"","neve_meta_disable_footer":"","neve_meta_disable_title":"","footnotes":""},"class_list":["post-655","page","type-page","status-publish","hentry"],"translation":{"provider":"WPGlobus","version":"3.0.2","language":"en","enabled_languages":["de","en"],"languages":{"de":{"title":true,"content":true,"excerpt":false},"en":{"title":true,"content":true,"excerpt":false}}},"_links":{"self":[{"href":"https:\/\/sommeruni.org\/en\/wp-json\/wp\/v2\/pages\/655","targetHints":{"allow":["GET"]}}],"collection":[{"href":"https:\/\/sommeruni.org\/en\/wp-json\/wp\/v2\/pages"}],"about":[{"href":"https:\/\/sommeruni.org\/en\/wp-json\/wp\/v2\/types\/page"}],"author":[{"embeddable":true,"href":"https:\/\/sommeruni.org\/en\/wp-json\/wp\/v2\/users\/2"}],"replies":[{"embeddable":true,"href":"https:\/\/sommeruni.org\/en\/wp-json\/wp\/v2\/comments?post=655"}],"version-history":[{"count":10,"href":"https:\/\/sommeruni.org\/en\/wp-json\/wp\/v2\/pages\/655\/revisions"}],"predecessor-version":[{"id":1084,"href":"https:\/\/sommeruni.org\/en\/wp-json\/wp\/v2\/pages\/655\/revisions\/1084"}],"wp:attachment":[{"href":"https:\/\/sommeruni.org\/en\/wp-json\/wp\/v2\/media?parent=655"}],"curies":[{"name":"wp","href":"https:\/\/api.w.org\/{rel}","templated":true}]}}